{"id":1207,"date":"2021-12-09T10:10:51","date_gmt":"2021-12-09T10:10:51","guid":{"rendered":"https:\/\/onacapital.com\/?page_id=1207"},"modified":"2022-01-03T12:19:55","modified_gmt":"2022-01-03T12:19:55","slug":"politica-de-cookies","status":"publish","type":"page","link":"https:\/\/onacapital.com\/es\/politica-de-cookies\/","title":{"rendered":"Pol\u00edtica de cookies"},"content":{"rendered":"<div class=\"wpb-content-wrapper\"><div id=\"modal-ready\"><p>[vc_row][vc_column][vc_column_text]<br \/>\n<\/br><\/p>\n<h3>Sobre la pol\u00edtica de cookies<\/h3>\n<div>\n<p>Esta Pol\u00edtica de cookies explica qu\u00e9 son las cookies y c\u00f3mo las utilizamos, los tipos de cookies que utilizamos, es decir, la informaci\u00f3n que recopilamos mediante las cookies y c\u00f3mo se utiliza esta informaci\u00f3n y c\u00f3mo controlar las preferencias de las cookies. Para obtener m\u00e1s informaci\u00f3n sobre c\u00f3mo utilizar, almacenar y proteger sus datos personales, consulte nuestra Pol\u00edtica de privacidad.<\/p>\n<p>En cualquier momento puede cambiar o retirar su consentimiento de la Declaraci\u00f3n de Cookies de nuestro sitio web.<br \/>\nObtenga m\u00e1s informaci\u00f3n sobre qui\u00e9nes somos, puede contactar con nosotros y procesamos los datos personales en nuestra Pol\u00edtica de privacidad.<br \/>\nSu consentimiento se aplica a los siguientes dominios:<\/p>\n<p>www.bornestudi.com<\/p>\n<div class=\"cli_user_consent_state\">Tu estado actual: No se ha dado el consentimiento. <a class=\"cli_manage_current_consent\" style=\"cursor:pointer;text-decoration:underline;\">Gestiona tu consentimiento.<\/a> <\/div>\n<\/div>\n<p><\/br><\/p>\n<h3>\u00bfQu\u00e9 son las cookies?<\/h3>\n<div>\n<p>Las cookies son peque\u00f1os archivos de texto que se utilizan para almacenar peque\u00f1as piezas de informaci\u00f3n. Se almacenan en su dispositivo cuando el sitio web se carga en su navegador. Estas cookies nos ayudan a que el sitio web funcione correctamente, a hacerlo m\u00e1s seguro, a ofrecer una mejor experiencia de usuario ya entender c\u00f3mo funciona el sitio web y analizar qu\u00e9 funciona y d\u00f3nde mejorar.<\/p>\n<\/div>\n<p><\/br><\/p>\n<h3>\u00bfC\u00f3mo utilizamos las cookies?<\/h3>\n<div>\n<p>Como la mayor\u00eda de los servicios online, nuestro sitio web utiliza cookies propias y de terceros para diversos prop\u00f3sitos. Las cookies propias son b\u00e1sicamente necesarias para que el sitio web funcione correctamente y no recogen ninguno de sus datos de identificaci\u00f3n personal. Las cookies de terceros que se utilizan en nuestro sitio web son principalmente para entender c\u00f3mo funciona el sitio web, c\u00f3mo interact\u00faa con nuestro sitio web, mantener nuestros servicios seguros, ofrecer anuncios que le sean relevantes y, todo ello, ofrecerle un usuario mejor y mejorado. experiencia y ayuda a acelerar sus futuras interacciones con nuestro sitio web.<\/p>\n<\/div>\n<p><\/br><\/p>\n<h3>\u00bfQu\u00e9 tipos de cookies utilizamos?<\/h3>\n<div>Esencial: algunas cookies son esenciales para que pueda disfrutar de la funcionalidad completa de nuestro sitio. Nos permiten mantener las sesiones de los usuarios y prevenir cualquier amenaza de seguridad. No recogen ni almacenan informaci\u00f3n personal alguna. Por ejemplo, estas cookies le permiten iniciar sesi\u00f3n en su cuenta y a\u00f1adir productos a su cesta y hacer la compra de forma segura. Estad\u00edsticas: estas cookies almacenan informaci\u00f3n como el n\u00famero de visitantes al sitio web, el n\u00famero de visitantes \u00fanicos, qu\u00e9 p\u00e1ginas del sitio web se han visitado, el origen de la visita, etc. Estos datos nos ayudan a entender y analizar el buen rendimiento del sitio web. y d\u00f3nde hay que mejorar. Marketing: nuestro sitio web muestra anuncios. Estas cookies se utilizan para personalizar los anuncios que le mostramos para que sean significativos para usted. Estas cookies tambi\u00e9n nos ayudan a realizar un seguimiento de la eficiencia de estas campa\u00f1as publicitarias. La informaci\u00f3n almacenada en estas cookies tambi\u00e9n la pueden utilizar los proveedores de anuncios de terceros para mostrarle anuncios en otros sitios web tambi\u00e9n en el navegador.Funcionales : Son las cookies que ayudan a determinadas funcionalidades no esenciales de nuestro sitio web. Estas funcionalidades incluyen incrustar contenido como v\u00eddeos o compartir contenido del sitio web en plataformas de redes sociales. Preferencias: estas cookies nos ayudan a almacenar su configuraci\u00f3n y preferencias de navegaci\u00f3n, como las preferencias de idioma, para que tenga una experiencia mejor y eficiente en futuras visitas al sitio web.<\/div>\n<div><\/div>\n<p><\/br><\/p>\n<h3>\u00bfC\u00f3mo puedo controlar las preferencias de cookies?<\/h3>\n<div>Si decides cambiar tus preferencias m\u00e1s tarde durante tu sesi\u00f3n de navegaci\u00f3n, puedes hacer clic en la pesta\u00f1a \u00abPol\u00edtica de privacidad y cookies\u00bb en tu pantalla. Esto volver\u00e1 a mostrar el aviso de consentimiento que le permitir\u00e1 cambiar sus preferencias o retirar su consentimiento completamente. Adem\u00e1s de esto, diferentes navegadores ofrecen diferentes m\u00e9todos para bloquear y eliminar las cookies utilizadas por los sitios web. Puede cambiar la configuraci\u00f3n de su navegador para bloquear\/eliminar las cookies. Para obtener m\u00e1s informaci\u00f3n sobre c\u00f3mo gestionar y eliminar las cookies, visite wikipedia.org, www.allaboutcookies.org.<\/div>\n<p>[\/vc_column_text][\/vc_column][\/vc_row][vc_row][vc_column][vc_column_text][\/vc_column_text][\/vc_column][\/vc_row]<\/p>\n<\/div><\/div>","protected":false},"excerpt":{"rendered":"<p>[vc_row][vc_column][vc_column_text] Sobre la pol\u00edtica de cookies Esta Pol\u00edtica de cookies explica qu\u00e9 son las cookies y c\u00f3mo las utilizamos, los tipos de cookies que utilizamos, es decir, la informaci\u00f3n que recopilamos mediante las cookies y c\u00f3mo se utiliza esta informaci\u00f3n y c\u00f3mo controlar las preferencias de las cookies. Para obtener m\u00e1s informaci\u00f3n sobre c\u00f3mo utilizar, [&hellip;]<\/p>\n","protected":false},"author":1,"featured_media":0,"parent":0,"menu_order":0,"comment_status":"closed","ping_status":"closed","template":"","meta":{"_acf_changed":false,"inline_featured_image":false,"site-sidebar-layout":"no-sidebar","site-content-layout":"plain-container","ast-site-content-layout":"default","site-content-style":"default","site-sidebar-style":"default","ast-global-header-display":"","ast-banner-title-visibility":"","ast-main-header-display":"","ast-hfb-above-header-display":"","ast-hfb-below-header-display":"","ast-hfb-mobile-header-display":"","site-post-title":"disabled","ast-breadcrumbs-content":"","ast-featured-img":"disabled","footer-sml-layout":"","ast-disable-related-posts":"","theme-transparent-header-meta":"default","adv-header-id-meta":"","stick-header-meta":"","header-above-stick-meta":"","header-main-stick-meta":"","header-below-stick-meta":"","astra-migrate-meta-layouts":"default","ast-page-background-enabled":"default","ast-page-background-meta":{"desktop":{"background-color":"","background-image":"","background-repeat":"repeat","background-position":"center center","background-size":"auto","background-attachment":"scroll","background-type":"","background-media":"","overlay-type":"","overlay-color":"","overlay-opacity":"","overlay-gradient":""},"tablet":{"background-color":"","background-image":"","background-repeat":"repeat","background-position":"center center","background-size":"auto","background-attachment":"scroll","background-type":"","background-media":"","overlay-type":"","overlay-color":"","overlay-opacity":"","overlay-gradient":""},"mobile":{"background-color":"","background-image":"","background-repeat":"repeat","background-position":"center center","background-size":"auto","background-attachment":"scroll","background-type":"","background-media":"","overlay-type":"","overlay-color":"","overlay-opacity":"","overlay-gradient":""}},"ast-content-background-meta":{"desktop":{"background-color":"var(--ast-global-color-5)","background-image":"","background-repeat":"repeat","background-position":"center center","background-size":"auto","background-attachment":"scroll","background-type":"","background-media":"","overlay-type":"","overlay-color":"","overlay-opacity":"","overlay-gradient":""},"tablet":{"background-color":"var(--ast-global-color-5)","background-image":"","background-repeat":"repeat","background-position":"center center","background-size":"auto","background-attachment":"scroll","background-type":"","background-media":"","overlay-type":"","overlay-color":"","overlay-opacity":"","overlay-gradient":""},"mobile":{"background-color":"var(--ast-global-color-5)","background-image":"","background-repeat":"repeat","background-position":"center center","background-size":"auto","background-attachment":"scroll","background-type":"","background-media":"","overlay-type":"","overlay-color":"","overlay-opacity":"","overlay-gradient":""}},"footnotes":""},"class_list":["post-1207","page","type-page","status-publish","hentry"],"acf":[],"yoast_head":"<!-- This site is optimized with the Yoast SEO plugin v27.2 - https:\/\/yoast.com\/product\/yoast-seo-wordpress\/ -->\n<title>Pol\u00edtica de cookies &#8211;<\/title>\n<meta name=\"robots\" content=\"index, follow, max-snippet:-1, max-image-preview:large, max-video-preview:-1\" \/>\n<link rel=\"canonical\" href=\"https:\/\/onacapital.com\/es\/politica-de-cookies\/\" \/>\n<meta property=\"og:locale\" content=\"es_ES\" \/>\n<meta property=\"og:type\" content=\"article\" \/>\n<meta property=\"og:title\" content=\"Pol\u00edtica de cookies &#8211;\" \/>\n<meta property=\"og:description\" content=\"[vc_row][vc_column][vc_column_text] Sobre la pol\u00edtica de cookies Esta Pol\u00edtica de cookies explica qu\u00e9 son las cookies y c\u00f3mo las utilizamos, los tipos de cookies que utilizamos, es decir, la informaci\u00f3n que recopilamos mediante las cookies y c\u00f3mo se utiliza esta informaci\u00f3n y c\u00f3mo controlar las preferencias de las cookies. Para obtener m\u00e1s informaci\u00f3n sobre c\u00f3mo utilizar, [&hellip;]\" \/>\n<meta property=\"og:url\" content=\"https:\/\/onacapital.com\/es\/politica-de-cookies\/\" \/>\n<meta property=\"article:modified_time\" content=\"2022-01-03T12:19:55+00:00\" \/>\n<meta name=\"twitter:card\" content=\"summary_large_image\" \/>\n<meta name=\"twitter:label1\" content=\"Tiempo de lectura\" \/>\n\t<meta name=\"twitter:data1\" content=\"4 minutos\" \/>\n<script type=\"application\/ld+json\" class=\"yoast-schema-graph\">{\"@context\":\"https:\/\/schema.org\",\"@graph\":[{\"@type\":\"WebPage\",\"@id\":\"https:\/\/onacapital.com\/es\/politica-de-cookies\/\",\"url\":\"https:\/\/onacapital.com\/es\/politica-de-cookies\/\",\"name\":\"Pol\u00edtica de cookies &#8211;\",\"isPartOf\":{\"@id\":\"http:\/\/onacapital.com\/#website\"},\"datePublished\":\"2021-12-09T10:10:51+00:00\",\"dateModified\":\"2022-01-03T12:19:55+00:00\",\"breadcrumb\":{\"@id\":\"https:\/\/onacapital.com\/es\/politica-de-cookies\/#breadcrumb\"},\"inLanguage\":\"es\",\"potentialAction\":[{\"@type\":\"ReadAction\",\"target\":[\"https:\/\/onacapital.com\/es\/politica-de-cookies\/\"]}]},{\"@type\":\"BreadcrumbList\",\"@id\":\"https:\/\/onacapital.com\/es\/politica-de-cookies\/#breadcrumb\",\"itemListElement\":[{\"@type\":\"ListItem\",\"position\":1,\"name\":\"Inici\",\"item\":\"https:\/\/onacapital.com\/\"},{\"@type\":\"ListItem\",\"position\":2,\"name\":\"Pol\u00edtica de cookies\"}]},{\"@type\":\"WebSite\",\"@id\":\"http:\/\/onacapital.com\/#website\",\"url\":\"http:\/\/onacapital.com\/\",\"name\":\"\",\"description\":\"Invertim en startups en fase llavor i creixement. Som empresaris, mirem pels emprenedors.\",\"publisher\":{\"@id\":\"http:\/\/onacapital.com\/#organization\"},\"potentialAction\":[{\"@type\":\"SearchAction\",\"target\":{\"@type\":\"EntryPoint\",\"urlTemplate\":\"http:\/\/onacapital.com\/?s={search_term_string}\"},\"query-input\":{\"@type\":\"PropertyValueSpecification\",\"valueRequired\":true,\"valueName\":\"search_term_string\"}}],\"inLanguage\":\"es\"},{\"@type\":\"Organization\",\"@id\":\"http:\/\/onacapital.com\/#organization\",\"name\":\"Ona Capital\",\"url\":\"http:\/\/onacapital.com\/\",\"logo\":{\"@type\":\"ImageObject\",\"inLanguage\":\"es\",\"@id\":\"http:\/\/onacapital.com\/#\/schema\/logo\/image\/\",\"url\":\"http:\/\/onacapital.com\/wp-content\/uploads\/2022\/01\/ona-capital-logo.svg\",\"contentUrl\":\"http:\/\/onacapital.com\/wp-content\/uploads\/2022\/01\/ona-capital-logo.svg\",\"width\":\"1024\",\"height\":\"1024\",\"caption\":\"Ona Capital\"},\"image\":{\"@id\":\"http:\/\/onacapital.com\/#\/schema\/logo\/image\/\"}}]}<\/script>\n<!-- \/ Yoast SEO plugin. -->","yoast_head_json":{"title":"Pol\u00edtica de cookies &#8211;","robots":{"index":"index","follow":"follow","max-snippet":"max-snippet:-1","max-image-preview":"max-image-preview:large","max-video-preview":"max-video-preview:-1"},"canonical":"https:\/\/onacapital.com\/es\/politica-de-cookies\/","og_locale":"es_ES","og_type":"article","og_title":"Pol\u00edtica de cookies &#8211;","og_description":"[vc_row][vc_column][vc_column_text] Sobre la pol\u00edtica de cookies Esta Pol\u00edtica de cookies explica qu\u00e9 son las cookies y c\u00f3mo las utilizamos, los tipos de cookies que utilizamos, es decir, la informaci\u00f3n que recopilamos mediante las cookies y c\u00f3mo se utiliza esta informaci\u00f3n y c\u00f3mo controlar las preferencias de las cookies. Para obtener m\u00e1s informaci\u00f3n sobre c\u00f3mo utilizar, [&hellip;]","og_url":"https:\/\/onacapital.com\/es\/politica-de-cookies\/","article_modified_time":"2022-01-03T12:19:55+00:00","twitter_card":"summary_large_image","twitter_misc":{"Tiempo de lectura":"4 minutos"},"schema":{"@context":"https:\/\/schema.org","@graph":[{"@type":"WebPage","@id":"https:\/\/onacapital.com\/es\/politica-de-cookies\/","url":"https:\/\/onacapital.com\/es\/politica-de-cookies\/","name":"Pol\u00edtica de cookies &#8211;","isPartOf":{"@id":"http:\/\/onacapital.com\/#website"},"datePublished":"2021-12-09T10:10:51+00:00","dateModified":"2022-01-03T12:19:55+00:00","breadcrumb":{"@id":"https:\/\/onacapital.com\/es\/politica-de-cookies\/#breadcrumb"},"inLanguage":"es","potentialAction":[{"@type":"ReadAction","target":["https:\/\/onacapital.com\/es\/politica-de-cookies\/"]}]},{"@type":"BreadcrumbList","@id":"https:\/\/onacapital.com\/es\/politica-de-cookies\/#breadcrumb","itemListElement":[{"@type":"ListItem","position":1,"name":"Inici","item":"https:\/\/onacapital.com\/"},{"@type":"ListItem","position":2,"name":"Pol\u00edtica de cookies"}]},{"@type":"WebSite","@id":"http:\/\/onacapital.com\/#website","url":"http:\/\/onacapital.com\/","name":"","description":"Invertim en startups en fase llavor i creixement. Som empresaris, mirem pels emprenedors.","publisher":{"@id":"http:\/\/onacapital.com\/#organization"},"potentialAction":[{"@type":"SearchAction","target":{"@type":"EntryPoint","urlTemplate":"http:\/\/onacapital.com\/?s={search_term_string}"},"query-input":{"@type":"PropertyValueSpecification","valueRequired":true,"valueName":"search_term_string"}}],"inLanguage":"es"},{"@type":"Organization","@id":"http:\/\/onacapital.com\/#organization","name":"Ona Capital","url":"http:\/\/onacapital.com\/","logo":{"@type":"ImageObject","inLanguage":"es","@id":"http:\/\/onacapital.com\/#\/schema\/logo\/image\/","url":"http:\/\/onacapital.com\/wp-content\/uploads\/2022\/01\/ona-capital-logo.svg","contentUrl":"http:\/\/onacapital.com\/wp-content\/uploads\/2022\/01\/ona-capital-logo.svg","width":"1024","height":"1024","caption":"Ona Capital"},"image":{"@id":"http:\/\/onacapital.com\/#\/schema\/logo\/image\/"}}]}},"_links":{"self":[{"href":"https:\/\/onacapital.com\/es\/wp-json\/wp\/v2\/pages\/1207","targetHints":{"allow":["GET"]}}],"collection":[{"href":"https:\/\/onacapital.com\/es\/wp-json\/wp\/v2\/pages"}],"about":[{"href":"https:\/\/onacapital.com\/es\/wp-json\/wp\/v2\/types\/page"}],"author":[{"embeddable":true,"href":"https:\/\/onacapital.com\/es\/wp-json\/wp\/v2\/users\/1"}],"replies":[{"embeddable":true,"href":"https:\/\/onacapital.com\/es\/wp-json\/wp\/v2\/comments?post=1207"}],"version-history":[{"count":0,"href":"https:\/\/onacapital.com\/es\/wp-json\/wp\/v2\/pages\/1207\/revisions"}],"wp:attachment":[{"href":"https:\/\/onacapital.com\/es\/wp-json\/wp\/v2\/media?parent=1207"}],"curies":[{"name":"wp","href":"https:\/\/api.w.org\/{rel}","templated":true}]}}