{"id":1796,"date":"2023-11-22T14:00:29","date_gmt":"2023-11-22T14:00:29","guid":{"rendered":"https:\/\/onacapital.com\/sistema-interno-de-informacion\/"},"modified":"2023-11-22T14:00:29","modified_gmt":"2023-11-22T14:00:29","slug":"sistema-interno-de-informacion","status":"publish","type":"page","link":"https:\/\/onacapital.com\/es\/sistema-interno-de-informacion\/","title":{"rendered":"Sistema Interno de Informaci\u00f3n"},"content":{"rendered":"<div class=\"wpb-content-wrapper\"><div id=\"modal-ready\"><p>[vc_row css=\u00bb.vc_custom_1700662114678{margin-right: 5% !important;margin-left: 5% !important;}\u00bb][vc_column][vc_empty_space height=\u00bb80px\u00bb][vc_column_text]<\/p>\n<h3>Sistema Interno de Informaci\u00f3n<\/h3>\n<p>[\/vc_column_text][vc_empty_space height=\u00bb80px\u00bb][vc_column_text]<\/p>\n<p style=\"font-weight: 400;\"><strong>ONA CAPITAL<\/strong> ha implementado un Sistema Interno de Informaci\u00f3n, en cumplimiento de lo establecido por la Ley 2\/2023, de 20 de febrero, reguladora de la protecci\u00f3n de las personas que informen sobre infracciones normativas y de lucha contra la corrupci\u00f3n. Esta herramienta tiene como objetivo poner al alcance de colaboradores, proveedores y terceros con los que se relaciona la organizaci\u00f3n una herramienta para comunicar, de manera confidencial y\/o an\u00f3nima, posibles incumplimientos o violaciones a lo dispuesto en las normas internas de la organizaci\u00f3n, as\u00ed como cualquier infracci\u00f3n u omisi\u00f3n de la que se tenga conocimiento y que pueda suponer una infracci\u00f3n del derecho de la Uni\u00f3n Europea o sus intereses financieros o infracciones penales o administrativas en el marco jur\u00eddico espa\u00f1ol.<\/p>\n<p style=\"font-weight: 400;\">El Sistema Interno de Informaci\u00f3n de <strong>ONA CAPITAL<\/strong> se configura bajo una serie de principios, recogidos en la <u><a href=\"http:\/\/onacapital.com\/wp-content\/uploads\/2023\/11\/ONA-CAPITAL_Politica-SII.pdf\" target=\"_blank\" rel=\"noopener\">Pol\u00edtica del Sistema Interno de Informaci\u00f3n<\/a>,<\/u> entre los que se encuentra la garant\u00eda de <strong>confidencialidad de las comunicaciones<\/strong> y la <strong>prohibici\u00f3n de represalias <\/strong>de cualquier naturaleza, entre otros. Asimismo, se garantiza el <strong>anonimato<\/strong> -si as\u00ed lo desea- del informante y de cualquier otro tercero que sea o pueda ser mencionado y\/o involucrado en la comunicaci\u00f3n, en las actuaciones llevadas a cabo a ra\u00edz de \u00e9sta y en su tramitaci\u00f3n.<\/p>\n<p style=\"font-weight: 400;\">Las comunicaciones se tramitar\u00e1n de conformidad con lo establecido en el <a href=\"http:\/\/onacapital.com\/wp-content\/uploads\/2023\/11\/ONA-CAPITAL_Procedimiento-Gestion-Comunicaciones.pdf\" target=\"_blank\" rel=\"noopener\">Procedimiento de Gesti\u00f3n de Comunicaciones de ONA CAPITAL<\/a>. En este sentido, se podr\u00e1n interponer por diversas v\u00edas:<\/p>\n<p><strong>Por escrito:<\/strong><\/p>\n<ul style=\"font-weight: 400;\">\n<li>Electr\u00f3nicamente, mediante env\u00edo de correo electr\u00f3nico a la direcci\u00f3n: <a href=\"mailto:pbc@onacapital.com\">pbc@onacapital.com<\/a><\/li>\n<li>A trav\u00e9s de correo postal, a la direcci\u00f3n: Via Auset\u00e0nia, n\u00famero 13, 1\u00aa Planta, (08560) Manlleu, Barcelona \u2013 a la atenci\u00f3n del Responsable del Sistema Interno de Informaci\u00f3n.<\/li>\n<\/ul>\n<p><strong>Verbalmente:<\/strong><\/p>\n<ul style=\"font-weight: 400;\">\n<li>Solicitando una reuni\u00f3n presencial con el Responsable del Sistema Interno de Informaci\u00f3n.<\/li>\n<li>Por v\u00eda telef\u00f3nica.<\/li>\n<\/ul>\n<p style=\"font-weight: 400;\">Por otra parte, los hechos tambi\u00e9n pueden reportarse ante la <strong>Oficina Antifrau de Catalunya<\/strong>, entidad externa designada como Autoridad Independiente de Protecci\u00f3n al Informante, a trav\u00e9s del siguiente buz\u00f3n de comunicaciones: <a href=\"https:\/\/www.antifrau.cat\/es\/comunicaciones-anonimas\">https:\/\/www.antifrau.cat\/es\/comunicaciones-anonimas<\/a>, o bien, mediante correo postal a la siguiente direcci\u00f3n:<\/p>\n<p style=\"font-weight: 400;\"><strong>Oficina Antifrau de Catalunya<br \/>\n<\/strong>C\/ Ribes 1-3, 08013 Barcelona<br \/>\nTel\u00e9fono: 935 545 555 | Fax: 935 545 564<br \/>\n<a href=\"mailto:bustiaoac@antifrau.cat\">bustiaoac@antifrau.cat<\/a><\/p>\n<p>[\/vc_column_text][vc_empty_space height=\u00bb80px\u00bb][\/vc_column][\/vc_row]<\/p>\n<\/div><\/div>","protected":false},"excerpt":{"rendered":"<p>[vc_row css=\u00bb.vc_custom_1700662114678{margin-right: 5% !important;margin-left: 5% !important;}\u00bb][vc_column][vc_empty_space height=\u00bb80px\u00bb][vc_column_text] Sistema Interno de Informaci\u00f3n [\/vc_column_text][vc_empty_space height=\u00bb80px\u00bb][vc_column_text] ONA CAPITAL ha implementado un Sistema Interno de Informaci\u00f3n, en cumplimiento de lo establecido por la Ley 2\/2023, de 20 de febrero, reguladora de la protecci\u00f3n de las personas que informen sobre infracciones normativas y de lucha contra la corrupci\u00f3n. Esta herramienta [&hellip;]<\/p>\n","protected":false},"author":1,"featured_media":0,"parent":0,"menu_order":0,"comment_status":"closed","ping_status":"closed","template":"","meta":{"_acf_changed":false,"inline_featured_image":false,"site-sidebar-layout":"no-sidebar","site-content-layout":"plain-container","ast-site-content-layout":"default","site-content-style":"default","site-sidebar-style":"default","ast-global-header-display":"","ast-banner-title-visibility":"","ast-main-header-display":"","ast-hfb-above-header-display":"","ast-hfb-below-header-display":"","ast-hfb-mobile-header-display":"","site-post-title":"disabled","ast-breadcrumbs-content":"","ast-featured-img":"disabled","footer-sml-layout":"","ast-disable-related-posts":"","theme-transparent-header-meta":"default","adv-header-id-meta":"","stick-header-meta":"","header-above-stick-meta":"","header-main-stick-meta":"","header-below-stick-meta":"","astra-migrate-meta-layouts":"default","ast-page-background-enabled":"default","ast-page-background-meta":{"desktop":{"background-color":"","background-image":"","background-repeat":"repeat","background-position":"center center","background-size":"auto","background-attachment":"scroll","background-type":"","background-media":"","overlay-type":"","overlay-color":"","overlay-opacity":"","overlay-gradient":""},"tablet":{"background-color":"","background-image":"","background-repeat":"repeat","background-position":"center center","background-size":"auto","background-attachment":"scroll","background-type":"","background-media":"","overlay-type":"","overlay-color":"","overlay-opacity":"","overlay-gradient":""},"mobile":{"background-color":"","background-image":"","background-repeat":"repeat","background-position":"center center","background-size":"auto","background-attachment":"scroll","background-type":"","background-media":"","overlay-type":"","overlay-color":"","overlay-opacity":"","overlay-gradient":""}},"ast-content-background-meta":{"desktop":{"background-color":"var(--ast-global-color-5)","background-image":"","background-repeat":"repeat","background-position":"center center","background-size":"auto","background-attachment":"scroll","background-type":"","background-media":"","overlay-type":"","overlay-color":"","overlay-opacity":"","overlay-gradient":""},"tablet":{"background-color":"var(--ast-global-color-5)","background-image":"","background-repeat":"repeat","background-position":"center center","background-size":"auto","background-attachment":"scroll","background-type":"","background-media":"","overlay-type":"","overlay-color":"","overlay-opacity":"","overlay-gradient":""},"mobile":{"background-color":"var(--ast-global-color-5)","background-image":"","background-repeat":"repeat","background-position":"center center","background-size":"auto","background-attachment":"scroll","background-type":"","background-media":"","overlay-type":"","overlay-color":"","overlay-opacity":"","overlay-gradient":""}},"footnotes":""},"class_list":["post-1796","page","type-page","status-publish","hentry"],"acf":[],"yoast_head":"<!-- This site is optimized with the Yoast SEO plugin v27.2 - https:\/\/yoast.com\/product\/yoast-seo-wordpress\/ -->\n<title>Sistema Interno de Informaci\u00f3n &#8211;<\/title>\n<meta name=\"robots\" content=\"index, follow, max-snippet:-1, max-image-preview:large, max-video-preview:-1\" \/>\n<link rel=\"canonical\" href=\"http:\/\/onacapital.com\/es\/sistema-interno-de-informacion\/\" \/>\n<meta property=\"og:locale\" content=\"es_ES\" \/>\n<meta property=\"og:type\" content=\"article\" \/>\n<meta property=\"og:title\" content=\"Sistema Interno de Informaci\u00f3n &#8211;\" \/>\n<meta property=\"og:description\" content=\"[vc_row css=\u00bb.vc_custom_1700662114678{margin-right: 5% !important;margin-left: 5% !important;}\u00bb][vc_column][vc_empty_space height=\u00bb80px\u00bb][vc_column_text] Sistema Interno de Informaci\u00f3n [\/vc_column_text][vc_empty_space height=\u00bb80px\u00bb][vc_column_text] ONA CAPITAL ha implementado un Sistema Interno de Informaci\u00f3n, en cumplimiento de lo establecido por la Ley 2\/2023, de 20 de febrero, reguladora de la protecci\u00f3n de las personas que informen sobre infracciones normativas y de lucha contra la corrupci\u00f3n. Esta herramienta [&hellip;]\" \/>\n<meta property=\"og:url\" content=\"http:\/\/onacapital.com\/es\/sistema-interno-de-informacion\/\" \/>\n<meta name=\"twitter:card\" content=\"summary_large_image\" \/>\n<meta name=\"twitter:label1\" content=\"Tiempo de lectura\" \/>\n\t<meta name=\"twitter:data1\" content=\"2 minutos\" \/>\n<script type=\"application\/ld+json\" class=\"yoast-schema-graph\">{\"@context\":\"https:\/\/schema.org\",\"@graph\":[{\"@type\":\"WebPage\",\"@id\":\"http:\/\/onacapital.com\/es\/sistema-interno-de-informacion\/\",\"url\":\"http:\/\/onacapital.com\/es\/sistema-interno-de-informacion\/\",\"name\":\"Sistema Interno de Informaci\u00f3n &#8211;\",\"isPartOf\":{\"@id\":\"http:\/\/onacapital.com\/#website\"},\"datePublished\":\"2023-11-22T14:00:29+00:00\",\"breadcrumb\":{\"@id\":\"http:\/\/onacapital.com\/es\/sistema-interno-de-informacion\/#breadcrumb\"},\"inLanguage\":\"es\",\"potentialAction\":[{\"@type\":\"ReadAction\",\"target\":[\"http:\/\/onacapital.com\/es\/sistema-interno-de-informacion\/\"]}]},{\"@type\":\"BreadcrumbList\",\"@id\":\"http:\/\/onacapital.com\/es\/sistema-interno-de-informacion\/#breadcrumb\",\"itemListElement\":[{\"@type\":\"ListItem\",\"position\":1,\"name\":\"Inici\",\"item\":\"https:\/\/onacapital.com\/\"},{\"@type\":\"ListItem\",\"position\":2,\"name\":\"Sistema Interno de Informaci\u00f3n\"}]},{\"@type\":\"WebSite\",\"@id\":\"http:\/\/onacapital.com\/#website\",\"url\":\"http:\/\/onacapital.com\/\",\"name\":\"\",\"description\":\"Invertim en startups en fase llavor i creixement. Som empresaris, mirem pels emprenedors.\",\"publisher\":{\"@id\":\"http:\/\/onacapital.com\/#organization\"},\"potentialAction\":[{\"@type\":\"SearchAction\",\"target\":{\"@type\":\"EntryPoint\",\"urlTemplate\":\"http:\/\/onacapital.com\/?s={search_term_string}\"},\"query-input\":{\"@type\":\"PropertyValueSpecification\",\"valueRequired\":true,\"valueName\":\"search_term_string\"}}],\"inLanguage\":\"es\"},{\"@type\":\"Organization\",\"@id\":\"http:\/\/onacapital.com\/#organization\",\"name\":\"Ona Capital\",\"url\":\"http:\/\/onacapital.com\/\",\"logo\":{\"@type\":\"ImageObject\",\"inLanguage\":\"es\",\"@id\":\"http:\/\/onacapital.com\/#\/schema\/logo\/image\/\",\"url\":\"http:\/\/onacapital.com\/wp-content\/uploads\/2022\/01\/ona-capital-logo.svg\",\"contentUrl\":\"http:\/\/onacapital.com\/wp-content\/uploads\/2022\/01\/ona-capital-logo.svg\",\"width\":\"1024\",\"height\":\"1024\",\"caption\":\"Ona Capital\"},\"image\":{\"@id\":\"http:\/\/onacapital.com\/#\/schema\/logo\/image\/\"}}]}<\/script>\n<!-- \/ Yoast SEO plugin. -->","yoast_head_json":{"title":"Sistema Interno de Informaci\u00f3n &#8211;","robots":{"index":"index","follow":"follow","max-snippet":"max-snippet:-1","max-image-preview":"max-image-preview:large","max-video-preview":"max-video-preview:-1"},"canonical":"http:\/\/onacapital.com\/es\/sistema-interno-de-informacion\/","og_locale":"es_ES","og_type":"article","og_title":"Sistema Interno de Informaci\u00f3n &#8211;","og_description":"[vc_row css=\u00bb.vc_custom_1700662114678{margin-right: 5% !important;margin-left: 5% !important;}\u00bb][vc_column][vc_empty_space height=\u00bb80px\u00bb][vc_column_text] Sistema Interno de Informaci\u00f3n [\/vc_column_text][vc_empty_space height=\u00bb80px\u00bb][vc_column_text] ONA CAPITAL ha implementado un Sistema Interno de Informaci\u00f3n, en cumplimiento de lo establecido por la Ley 2\/2023, de 20 de febrero, reguladora de la protecci\u00f3n de las personas que informen sobre infracciones normativas y de lucha contra la corrupci\u00f3n. Esta herramienta [&hellip;]","og_url":"http:\/\/onacapital.com\/es\/sistema-interno-de-informacion\/","twitter_card":"summary_large_image","twitter_misc":{"Tiempo de lectura":"2 minutos"},"schema":{"@context":"https:\/\/schema.org","@graph":[{"@type":"WebPage","@id":"http:\/\/onacapital.com\/es\/sistema-interno-de-informacion\/","url":"http:\/\/onacapital.com\/es\/sistema-interno-de-informacion\/","name":"Sistema Interno de Informaci\u00f3n &#8211;","isPartOf":{"@id":"http:\/\/onacapital.com\/#website"},"datePublished":"2023-11-22T14:00:29+00:00","breadcrumb":{"@id":"http:\/\/onacapital.com\/es\/sistema-interno-de-informacion\/#breadcrumb"},"inLanguage":"es","potentialAction":[{"@type":"ReadAction","target":["http:\/\/onacapital.com\/es\/sistema-interno-de-informacion\/"]}]},{"@type":"BreadcrumbList","@id":"http:\/\/onacapital.com\/es\/sistema-interno-de-informacion\/#breadcrumb","itemListElement":[{"@type":"ListItem","position":1,"name":"Inici","item":"https:\/\/onacapital.com\/"},{"@type":"ListItem","position":2,"name":"Sistema Interno de Informaci\u00f3n"}]},{"@type":"WebSite","@id":"http:\/\/onacapital.com\/#website","url":"http:\/\/onacapital.com\/","name":"","description":"Invertim en startups en fase llavor i creixement. Som empresaris, mirem pels emprenedors.","publisher":{"@id":"http:\/\/onacapital.com\/#organization"},"potentialAction":[{"@type":"SearchAction","target":{"@type":"EntryPoint","urlTemplate":"http:\/\/onacapital.com\/?s={search_term_string}"},"query-input":{"@type":"PropertyValueSpecification","valueRequired":true,"valueName":"search_term_string"}}],"inLanguage":"es"},{"@type":"Organization","@id":"http:\/\/onacapital.com\/#organization","name":"Ona Capital","url":"http:\/\/onacapital.com\/","logo":{"@type":"ImageObject","inLanguage":"es","@id":"http:\/\/onacapital.com\/#\/schema\/logo\/image\/","url":"http:\/\/onacapital.com\/wp-content\/uploads\/2022\/01\/ona-capital-logo.svg","contentUrl":"http:\/\/onacapital.com\/wp-content\/uploads\/2022\/01\/ona-capital-logo.svg","width":"1024","height":"1024","caption":"Ona Capital"},"image":{"@id":"http:\/\/onacapital.com\/#\/schema\/logo\/image\/"}}]}},"_links":{"self":[{"href":"https:\/\/onacapital.com\/es\/wp-json\/wp\/v2\/pages\/1796","targetHints":{"allow":["GET"]}}],"collection":[{"href":"https:\/\/onacapital.com\/es\/wp-json\/wp\/v2\/pages"}],"about":[{"href":"https:\/\/onacapital.com\/es\/wp-json\/wp\/v2\/types\/page"}],"author":[{"embeddable":true,"href":"https:\/\/onacapital.com\/es\/wp-json\/wp\/v2\/users\/1"}],"replies":[{"embeddable":true,"href":"https:\/\/onacapital.com\/es\/wp-json\/wp\/v2\/comments?post=1796"}],"version-history":[{"count":0,"href":"https:\/\/onacapital.com\/es\/wp-json\/wp\/v2\/pages\/1796\/revisions"}],"wp:attachment":[{"href":"https:\/\/onacapital.com\/es\/wp-json\/wp\/v2\/media?parent=1796"}],"curies":[{"name":"wp","href":"https:\/\/api.w.org\/{rel}","templated":true}]}}